{"id":528,"date":"2016-06-23T09:19:30","date_gmt":"2016-06-23T09:19:30","guid":{"rendered":"http:\/\/funambule.pro\/?page_id=14"},"modified":"2017-09-26T10:35:34","modified_gmt":"2017-09-26T08:35:34","slug":"dernieres-nouvelles","status":"publish","type":"page","link":"https:\/\/funambule.pro\/index.php\/dernieres-nouvelles\/","title":{"rendered":"Derni\u00e8res nouvelles"},"content":{"rendered":"<p><div class=\"fusion-fullwidth fullwidth-box fusion-parallax-none nonhundred-percent-fullwidth non-hundred-percent-height-scrolling\"  style='background-color: rgba(255,255,255,0);background-image: url(\"https:\/\/funambule.pro\/wp-content\/uploads\/2016\/07\/blog-1-banner.jpg\");background-position: center center;background-repeat: no-repeat;padding-top:200px;padding-right:0px;padding-bottom:110px;padding-left:0px;-webkit-background-size:cover;-moz-background-size:cover;-o-background-size:cover;background-size:cover;'><div class=\"fusion-builder-row fusion-row \"><\/div><\/div><div class=\"fusion-fullwidth fullwidth-box nonhundred-percent-fullwidth non-hundred-percent-height-scrolling\"  style='background-color: rgba(255,255,255,0);background-position: center center;background-repeat: no-repeat;padding-top:0px;padding-right:0px;padding-bottom:0px;padding-left:0px;margin-top: -100px;'><div class=\"fusion-builder-row fusion-row \"><div  class=\"fusion-layout-column fusion_builder_column fusion_builder_column_1_1  fusion-one-full fusion-column-first fusion-column-last 1_1\"  style='margin-top:0px;margin-bottom:50px;'>\n\t\t\t\t\t<div class=\"fusion-column-wrapper\" style=\"background-position:left top;background-repeat:no-repeat;-webkit-background-size:cover;-moz-background-size:cover;-o-background-size:cover;background-size:cover;\"  data-bg-url=\"\">\n\t\t\t\t\t\t<div class=\"fusion-section-separator section-separator fusion-no-small-visibility fusion-no-medium-visibility\" style=\"padding:0;margin-left:-0px;margin-right:-0px;\"><svg id=\"cloudsCandy\" xmlns=\"http:\/\/www.w3.org\/2000\/svg\" version=\"1.1\" width=\"100%\" height=\"100\" viewBox=\"0 0 100 100\" preserveAspectRatio=\"none\" style=\"fill:#ffffff;padding:0;\"><path d=\"M-5 100 Q 0 20 5 100 Z\"><\/path>\n\t\t\t\t\t\t\t\t<path d=\"M0 100 Q 5 0 10 100\"><\/path>\n\t\t\t\t\t\t\t\t<path d=\"M5 100 Q 10 30 15 100\"><\/path>\n\t\t\t\t\t\t\t\t<path d=\"M10 100 Q 15 10 20 100\"><\/path>\n\t\t\t\t\t\t\t\t<path d=\"M15 100 Q 20 30 25 100\"><\/path>\n\t\t\t\t\t\t\t\t<path d=\"M20 100 Q 25 -10 30 100\"><\/path>\n\t\t\t\t\t\t\t\t<path d=\"M25 100 Q 30 10 35 100\"><\/path>\n\t\t\t\t\t\t\t\t<path d=\"M30 100 Q 35 30 40 100\"><\/path>\n\t\t\t\t\t\t\t\t<path d=\"M35 100 Q 40 10 45 100\"><\/path>\n\t\t\t\t\t\t\t\t<path d=\"M40 100 Q 45 50 50 100\"><\/path>\n\t\t\t\t\t\t\t\t<path d=\"M45 100 Q 50 20 55 100\"><\/path>\n\t\t\t\t\t\t\t\t<path d=\"M50 100 Q 55 40 60 100\"><\/path>\n\t\t\t\t\t\t\t\t<path d=\"M55 100 Q 60 60 65 100\"><\/path>\n\t\t\t\t\t\t\t\t<path d=\"M60 100 Q 65 50 70 100\"><\/path>\n\t\t\t\t\t\t\t\t<path d=\"M65 100 Q 70 20 75 100\"><\/path>\n\t\t\t\t\t\t\t\t<path d=\"M70 100 Q 75 45 80 100\"><\/path>\n\t\t\t\t\t\t\t\t<path d=\"M75 100 Q 80 30 85 100\"><\/path>\n\t\t\t\t\t\t\t\t<path d=\"M80 100 Q 85 20 90 100\"><\/path>\n\t\t\t\t\t\t\t\t<path d=\"M85 100 Q 90 50 95 100\"><\/path>\n\t\t\t\t\t\t\t\t<path d=\"M90 100 Q 95 25 100 100\"><\/path>\n\t\t\t\t\t\t\t\t<path d=\"M95 100 Q 100 15 105 100 Z\"><\/path><\/svg><\/div><div class=\"fusion-clearfix\"><\/div>\n\n\t\t\t\t\t<\/div>\n\t\t\t\t<\/div><\/div><\/div><div class=\"fusion-fullwidth fullwidth-box nonhundred-percent-fullwidth non-hundred-percent-height-scrolling\"  style='background-color: #ffffff;background-position: center center;background-repeat: no-repeat;padding-top:0px;padding-right:0px;padding-bottom:0px;padding-left:0px;'><div class=\"fusion-builder-row fusion-row \"><div  class=\"fusion-layout-column fusion_builder_column fusion_builder_column_1_1  fusion-one-full fusion-column-first fusion-column-last 1_1\"  style='margin-top:0px;margin-bottom:50px;'>\n\t\t\t\t\t<div class=\"fusion-column-wrapper\" style=\"background-position:left top;background-repeat:no-repeat;-webkit-background-size:cover;-moz-background-size:cover;-o-background-size:cover;background-size:cover;\"  data-bg-url=\"\">\n\t\t\t\t\t\t<div class=\"fusion-text\"><h2 style=\"text-align: center;\">Derni\u00e8res nouvelles<\/h2>\n<\/div><div class=\"fusion-sep-clear\"><\/div><div class=\"fusion-separator sep-single sep-dashed\" style=\"border-color:#fb6667;border-top-width:2px;margin-left: auto;margin-right: auto;margin-top:;width:100%;max-width:40%;\"><\/div><div class=\"fusion-clearfix\"><\/div>\n\n\t\t\t\t\t<\/div>\n\t\t\t\t<\/div><div  class=\"fusion-layout-column fusion_builder_column fusion_builder_column_1_2  fusion-one-half fusion-column-first 1_2\"  style='margin-top:0px;margin-bottom:50px;width:50%;width:calc(50% - ( ( 4% ) * 0.5 ) );margin-right: 4%;'>\n\t\t\t\t\t<div class=\"fusion-column-wrapper\" style=\"background-position:left top;background-repeat:no-repeat;-webkit-background-size:cover;-moz-background-size:cover;-o-background-size:cover;background-size:cover;\"  data-bg-url=\"\">\n\t\t\t\t\t\t<div class=\"imageframe-liftup\"><span class=\"fusion-imageframe imageframe-none imageframe-1\"><a class=\"fusion-no-lightbox\" href=\"https:\/\/funambule.pro\/index.php\/la-derniere-ligne-droite\/\" target=\"_self\" aria-label=\"IMG_4560\"><img decoding=\"async\" loading=\"lazy\" src=\"https:\/\/funambule.pro\/wp-content\/uploads\/2016\/06\/IMG_4560-2.jpg\" width=\"2000\" height=\"1125\" alt=\"\" class=\"img-responsive wp-image-1265\" srcset=\"https:\/\/funambule.pro\/wp-content\/uploads\/2016\/06\/IMG_4560-2-200x113.jpg 200w, https:\/\/funambule.pro\/wp-content\/uploads\/2016\/06\/IMG_4560-2-400x225.jpg 400w, https:\/\/funambule.pro\/wp-content\/uploads\/2016\/06\/IMG_4560-2-600x338.jpg 600w, https:\/\/funambule.pro\/wp-content\/uploads\/2016\/06\/IMG_4560-2-800x450.jpg 800w, https:\/\/funambule.pro\/wp-content\/uploads\/2016\/06\/IMG_4560-2-1200x675.jpg 1200w, https:\/\/funambule.pro\/wp-content\/uploads\/2016\/06\/IMG_4560-2.jpg 2000w\" sizes=\"(max-width: 1130px) 100vw, 800px\" \/><\/a><\/span><\/div><div class=\"fusion-text\"><h2><a href=\"https:\/\/funambule.pro\/index.php\/la-derniere-ligne-droite\/\">En route pour la derni\u00e8re ligne droite !<\/a><\/h2>\n<\/div><div class=\"fusion-text\"><p>Toute l\u2019\u00e9quipe du cabinet de r\u00e9\u00e9ducation funambule s\u2019active pour finaliser les installations !!!<br \/>\nLe mat\u00e9riel est re\u00e7u, les meubles sont mont\u00e9s, il ne reste plus qu\u2019a vous accueillir d\u2019ici quelques jours&#8230;<\/p>\n<p><!--more--><\/p>\n<\/div><div class=\"fusion-clearfix\"><\/div>\n\n\t\t\t\t\t<\/div>\n\t\t\t\t<\/div><div  class=\"fusion-layout-column fusion_builder_column fusion_builder_column_1_2  fusion-one-half fusion-column-last 1_2\"  style='margin-top:0px;margin-bottom:50px;width:50%;width:calc(50% - ( ( 4% ) * 0.5 ) );'>\n\t\t\t\t\t<div class=\"fusion-column-wrapper\" style=\"background-position:left top;background-repeat:no-repeat;-webkit-background-size:cover;-moz-background-size:cover;-o-background-size:cover;background-size:cover;\"  data-bg-url=\"\">\n\t\t\t\t\t\t<div class=\"imageframe-liftup\"><span class=\"fusion-imageframe imageframe-none imageframe-2\"><a class=\"fusion-no-lightbox\" href=\"https:\/\/funambule.pro\/index.php\/les-travaux-sont-lances\/\" target=\"_self\" aria-label=\"slider-02\"><img decoding=\"async\" loading=\"lazy\" src=\"https:\/\/funambule.pro\/wp-content\/uploads\/2017\/06\/slider-02.jpg\" width=\"4032\" height=\"2268\" alt=\"\" class=\"img-responsive wp-image-1173\" srcset=\"https:\/\/funambule.pro\/wp-content\/uploads\/2017\/06\/slider-02-200x113.jpg 200w, https:\/\/funambule.pro\/wp-content\/uploads\/2017\/06\/slider-02-400x225.jpg 400w, https:\/\/funambule.pro\/wp-content\/uploads\/2017\/06\/slider-02-600x338.jpg 600w, https:\/\/funambule.pro\/wp-content\/uploads\/2017\/06\/slider-02-800x450.jpg 800w, https:\/\/funambule.pro\/wp-content\/uploads\/2017\/06\/slider-02-1200x675.jpg 1200w, https:\/\/funambule.pro\/wp-content\/uploads\/2017\/06\/slider-02.jpg 4032w\" sizes=\"(max-width: 1130px) 100vw, 800px\" \/><\/a><\/span><\/div><div class=\"fusion-text\"><h2><a href=\"https:\/\/funambule.pro\/index.php\/les-travaux-sont-lances\/\">Les grands travaux sont lanc\u00e9s !<\/a><\/h2>\n<\/div><div class=\"fusion-text\"><p class=\"p1\"><span class=\"s1\">Pour faciliter notre organisation et l\u2019accueil des patients nous avons choisi de modifier un petit peu nos nouveaux locaux !<\/span><\/p>\n<p class=\"p1\"><span class=\"s1\">Au programme : la cr\u00e9ation de deux pi\u00e8ces suppl\u00e9mentaires et \u00e7a n\u2019a pas \u00e9t\u00e9 une mince \u00e0 faire\u2026Un grand merci \u00e0 Jacques qui nous a offert de son temps et de son savoir faire !<\/span><\/p>\n<p><!--more--><\/p>\n<\/div><div class=\"fusion-clearfix\"><\/div>\n\n\t\t\t\t\t<\/div>\n\t\t\t\t<\/div><div  class=\"fusion-layout-column fusion_builder_column fusion_builder_column_1_2  fusion-one-half fusion-column-first 1_2\"  style='margin-top:0px;margin-bottom:50px;width:50%;width:calc(50% - ( ( 4% ) * 0.5 ) );margin-right: 4%;'>\n\t\t\t\t\t<div class=\"fusion-column-wrapper\" style=\"background-position:left top;background-repeat:no-repeat;-webkit-background-size:cover;-moz-background-size:cover;-o-background-size:cover;background-size:cover;\"  data-bg-url=\"\">\n\t\t\t\t\t\t<div class=\"imageframe-liftup\"><span class=\"fusion-imageframe imageframe-none imageframe-3\"><a class=\"fusion-no-lightbox\" href=\"https:\/\/funambule.pro\/index.php\/ouverture-du-cabinet-pour-bientot\/\" target=\"_self\" aria-label=\"header-dernieres-opening\"><img decoding=\"async\" loading=\"lazy\" src=\"https:\/\/funambule.pro\/wp-content\/uploads\/2017\/06\/header-dernieres-opening.jpg\" width=\"510\" height=\"287\" alt=\"\" class=\"img-responsive wp-image-1190\" srcset=\"https:\/\/funambule.pro\/wp-content\/uploads\/2017\/06\/header-dernieres-opening-200x113.jpg 200w, https:\/\/funambule.pro\/wp-content\/uploads\/2017\/06\/header-dernieres-opening-400x225.jpg 400w, https:\/\/funambule.pro\/wp-content\/uploads\/2017\/06\/header-dernieres-opening.jpg 510w\" sizes=\"(max-width: 1130px) 100vw, 510px\" \/><\/a><\/span><\/div><div class=\"fusion-text\"><h2><a href=\"https:\/\/funambule.pro\/index.php\/ouverture-du-cabinet-pour-bientot\/\">L&rsquo;ouverture du cabinet, c&rsquo;est pour bient\u00f4t !<\/a><\/h2>\n<\/div><div class=\"fusion-text\"><p class=\"p1\"><span class=\"s1\">Les travaux avancent \u00e0 \u00a0grands pas et, soi tout se passe comme pr\u00e9vu, les s\u00e9ances d&rsquo;orthophonie pourront d\u00e9buter \u00e0 partir de septembre et les s\u00e9ances de kin\u00e9sith\u00e9rapie \u00e0 partir d&rsquo;octobre.<\/span><\/p>\n<p><!--more--><\/p>\n<\/div><div class=\"fusion-clearfix\"><\/div>\n\n\t\t\t\t\t<\/div>\n\t\t\t\t<\/div><\/div><\/div><\/p>\n","protected":false},"excerpt":{"rendered":"<p>Toute l\u2019\u00e9quipe du cabinet de r\u00e9\u00e9ducation funambule s\u2019active pour finaliser les installations !!! Le mat\u00e9riel est re\u00e7u, les meubles sont mont\u00e9s, il ne reste plus qu\u2019a vous accueillir d\u2019ici quelques jours&#8230;<\/p>\n","protected":false},"author":1,"featured_media":0,"parent":0,"menu_order":0,"comment_status":"closed","ping_status":"closed","template":"100-width.php","meta":[],"acf":[],"_links":{"self":[{"href":"https:\/\/funambule.pro\/index.php\/wp-json\/wp\/v2\/pages\/528"}],"collection":[{"href":"https:\/\/funambule.pro\/index.php\/wp-json\/wp\/v2\/pages"}],"about":[{"href":"https:\/\/funambule.pro\/index.php\/wp-json\/wp\/v2\/types\/page"}],"author":[{"embeddable":true,"href":"https:\/\/funambule.pro\/index.php\/wp-json\/wp\/v2\/users\/1"}],"replies":[{"embeddable":true,"href":"https:\/\/funambule.pro\/index.php\/wp-json\/wp\/v2\/comments?post=528"}],"version-history":[{"count":31,"href":"https:\/\/funambule.pro\/index.php\/wp-json\/wp\/v2\/pages\/528\/revisions"}],"predecessor-version":[{"id":1271,"href":"https:\/\/funambule.pro\/index.php\/wp-json\/wp\/v2\/pages\/528\/revisions\/1271"}],"wp:attachment":[{"href":"https:\/\/funambule.pro\/index.php\/wp-json\/wp\/v2\/media?parent=528"}],"curies":[{"name":"wp","href":"https:\/\/api.w.org\/{rel}","templated":true}]}}