{"id":1180,"date":"2017-06-26T00:42:02","date_gmt":"2017-06-25T22:42:02","guid":{"rendered":"https:\/\/funambule.pro\/?page_id=1180"},"modified":"2017-07-11T17:16:06","modified_gmt":"2017-07-11T15:16:06","slug":"les-travaux-sont-lances","status":"publish","type":"page","link":"https:\/\/funambule.pro\/index.php\/les-travaux-sont-lances\/","title":{"rendered":"Les travaux sont lanc\u00e9s !"},"content":{"rendered":"<p><div class=\"fusion-fullwidth fullwidth-box fusion-parallax-none nonhundred-percent-fullwidth non-hundred-percent-height-scrolling\"  style='background-color: rgba(255,255,255,0);background-image: url(\"https:\/\/funambule.pro\/wp-content\/uploads\/2016\/07\/blog-2-banner.jpg\");background-position: center top;background-repeat: no-repeat;padding-top:200px;padding-right:0px;padding-bottom:110px;padding-left:0px;-webkit-background-size:cover;-moz-background-size:cover;-o-background-size:cover;background-size:cover;'><div class=\"fusion-builder-row fusion-row \"><\/div><\/div><div class=\"fusion-fullwidth fullwidth-box nonhundred-percent-fullwidth non-hundred-percent-height-scrolling\"  style='background-color: rgba(255,255,255,0);background-position: center center;background-repeat: no-repeat;padding-top:0px;padding-right:0px;padding-bottom:0px;padding-left:0px;margin-top: -100px;'><div class=\"fusion-builder-row fusion-row \"><div  class=\"fusion-layout-column fusion_builder_column fusion_builder_column_1_1  fusion-one-full fusion-column-first fusion-column-last 1_1\"  style='margin-top:0px;margin-bottom:50px;'>\n\t\t\t\t\t<div class=\"fusion-column-wrapper\" style=\"background-position:left top;background-repeat:no-repeat;-webkit-background-size:cover;-moz-background-size:cover;-o-background-size:cover;background-size:cover;\"  data-bg-url=\"\">\n\t\t\t\t\t\t<div class=\"fusion-section-separator section-separator fusion-no-small-visibility fusion-no-medium-visibility\" style=\"padding:0;margin-left:-0px;margin-right:-0px;\"><svg id=\"cloudsCandy\" xmlns=\"http:\/\/www.w3.org\/2000\/svg\" version=\"1.1\" width=\"100%\" height=\"100\" viewBox=\"0 0 100 100\" preserveAspectRatio=\"none\" style=\"fill:#ffffff;padding:0;\"><path d=\"M-5 100 Q 0 20 5 100 Z\"><\/path>\n\t\t\t\t\t\t\t\t<path d=\"M0 100 Q 5 0 10 100\"><\/path>\n\t\t\t\t\t\t\t\t<path d=\"M5 100 Q 10 30 15 100\"><\/path>\n\t\t\t\t\t\t\t\t<path d=\"M10 100 Q 15 10 20 100\"><\/path>\n\t\t\t\t\t\t\t\t<path d=\"M15 100 Q 20 30 25 100\"><\/path>\n\t\t\t\t\t\t\t\t<path d=\"M20 100 Q 25 -10 30 100\"><\/path>\n\t\t\t\t\t\t\t\t<path d=\"M25 100 Q 30 10 35 100\"><\/path>\n\t\t\t\t\t\t\t\t<path d=\"M30 100 Q 35 30 40 100\"><\/path>\n\t\t\t\t\t\t\t\t<path d=\"M35 100 Q 40 10 45 100\"><\/path>\n\t\t\t\t\t\t\t\t<path d=\"M40 100 Q 45 50 50 100\"><\/path>\n\t\t\t\t\t\t\t\t<path d=\"M45 100 Q 50 20 55 100\"><\/path>\n\t\t\t\t\t\t\t\t<path d=\"M50 100 Q 55 40 60 100\"><\/path>\n\t\t\t\t\t\t\t\t<path d=\"M55 100 Q 60 60 65 100\"><\/path>\n\t\t\t\t\t\t\t\t<path d=\"M60 100 Q 65 50 70 100\"><\/path>\n\t\t\t\t\t\t\t\t<path d=\"M65 100 Q 70 20 75 100\"><\/path>\n\t\t\t\t\t\t\t\t<path d=\"M70 100 Q 75 45 80 100\"><\/path>\n\t\t\t\t\t\t\t\t<path d=\"M75 100 Q 80 30 85 100\"><\/path>\n\t\t\t\t\t\t\t\t<path d=\"M80 100 Q 85 20 90 100\"><\/path>\n\t\t\t\t\t\t\t\t<path d=\"M85 100 Q 90 50 95 100\"><\/path>\n\t\t\t\t\t\t\t\t<path d=\"M90 100 Q 95 25 100 100\"><\/path>\n\t\t\t\t\t\t\t\t<path d=\"M95 100 Q 100 15 105 100 Z\"><\/path><\/svg><\/div><div class=\"fusion-clearfix\"><\/div>\n\n\t\t\t\t\t<\/div>\n\t\t\t\t<\/div><\/div><\/div><div class=\"fusion-fullwidth fullwidth-box nonhundred-percent-fullwidth non-hundred-percent-height-scrolling\"  style='background-color: #ffffff;background-position: left top;background-repeat: no-repeat;padding-top:0px;padding-right:0px;padding-bottom:0px;padding-left:0px;border-top-width:0px;border-bottom-width:0px;border-color:#eae9e9;border-top-style:solid;border-bottom-style:solid;'><div class=\"fusion-builder-row fusion-row \"><div  class=\"fusion-layout-column fusion_builder_column fusion_builder_column_1_1  fusion-one-full fusion-column-first fusion-column-last 1_1\"  style='margin-top:0px;margin-bottom:50px;'>\n\t\t\t\t\t<div class=\"fusion-column-wrapper\" style=\"background-position:left top;background-repeat:no-repeat;-webkit-background-size:cover;-moz-background-size:cover;-o-background-size:cover;background-size:cover;\"  data-bg-url=\"\">\n\t\t\t\t\t\t<div class=\"fusion-text\"><h2>Les grands travaux sont lanc\u00e9s !<\/h2>\n<\/div><div class=\"fusion-sep-clear\"><\/div><div class=\"fusion-separator sep-single sep-dashed\" style=\"border-color:#fb6667;border-top-width:2px;margin-top:;margin-bottom:20px;width:100%;max-width:40%;\"><\/div><div class=\"fusion-text\"><p class=\"p1\" style=\"text-align: justify;\"><span class=\"s1\">Pour faciliter notre organisation et l\u2019accueil des patients nous avons choisi de modifier un petit peu nos nouveaux locaux !<\/span><\/p>\n<p class=\"p1\" style=\"text-align: justify;\"><span class=\"s1\">Au programme : la cr\u00e9ation de deux pi\u00e8ces suppl\u00e9mentaires et \u00e7a n\u2019a pas \u00e9t\u00e9 une mince affaire\u2026Un grand merci \u00e0 Jacques qui nous a offert de son temps et de son savoir faire !<\/span><\/p>\n<p class=\"p1\" style=\"text-align: justify;\"><span class=\"s1\">Aujourd\u2019hui, nous disposons donc de 110m2, accessibles aux personnes \u00e0 mobilit\u00e9 r\u00e9duite et r\u00e9partis en 6 salles :<\/span><\/p>\n<ul class=\"ul1\">\n<li class=\"li1\"><span class=\"s1\">une salle d\u2019attente<\/span><\/li>\n<li class=\"li1\"><span class=\"s1\">une grande salle de motricit\u00e9 collective<\/span><\/li>\n<li class=\"li1\"><span class=\"s1\">deux salles individuelles de kin\u00e9sith\u00e9rapie<\/span><\/li>\n<li class=\"li1\"><span class=\"s1\">une salle d\u2019orthophonie<\/span><\/li>\n<li class=\"li1\"><span class=\"s1\">une salle d\u2019appareillage<\/span><\/li>\n<\/ul>\n<p class=\"p1\" style=\"text-align: justify;\"><span class=\"s1\">Sans oublier\u2026 des toilettes et un petit espace pour changer b\u00e9b\u00e9 !<\/span><\/p>\n<p class=\"p1\" style=\"text-align: justify;\"><span class=\"s1\">Bienvenue au cabinet \u00ab\u00a0Funambule\u00a0\u00bb !<\/span><\/p>\n<\/div><div class=\"fusion-clearfix\"><\/div>\n\n\t\t\t\t\t<\/div>\n\t\t\t\t<\/div><\/div><\/div><\/p>\n","protected":false},"excerpt":{"rendered":"","protected":false},"author":1,"featured_media":0,"parent":0,"menu_order":0,"comment_status":"closed","ping_status":"closed","template":"100-width.php","meta":[],"acf":[],"_links":{"self":[{"href":"https:\/\/funambule.pro\/index.php\/wp-json\/wp\/v2\/pages\/1180"}],"collection":[{"href":"https:\/\/funambule.pro\/index.php\/wp-json\/wp\/v2\/pages"}],"about":[{"href":"https:\/\/funambule.pro\/index.php\/wp-json\/wp\/v2\/types\/page"}],"author":[{"embeddable":true,"href":"https:\/\/funambule.pro\/index.php\/wp-json\/wp\/v2\/users\/1"}],"replies":[{"embeddable":true,"href":"https:\/\/funambule.pro\/index.php\/wp-json\/wp\/v2\/comments?post=1180"}],"version-history":[{"count":12,"href":"https:\/\/funambule.pro\/index.php\/wp-json\/wp\/v2\/pages\/1180\/revisions"}],"predecessor-version":[{"id":1242,"href":"https:\/\/funambule.pro\/index.php\/wp-json\/wp\/v2\/pages\/1180\/revisions\/1242"}],"wp:attachment":[{"href":"https:\/\/funambule.pro\/index.php\/wp-json\/wp\/v2\/media?parent=1180"}],"curies":[{"name":"wp","href":"https:\/\/api.w.org\/{rel}","templated":true}]}}